{"id":1390,"date":"2022-04-21T11:26:01","date_gmt":"2022-04-21T11:26:01","guid":{"rendered":"https:\/\/afdas.es\/?page_id=1390"},"modified":"2023-11-15T07:40:40","modified_gmt":"2023-11-15T07:40:40","slug":"inicio","status":"publish","type":"page","link":"https:\/\/afdas.es\/","title":{"rendered":"Inicio"},"content":{"rendered":"\n<div class=\"wp-block-uagb-container uagb-block-64e0af8e alignfull uagb-is-root-container\"><div class=\"uagb-container-inner-blocks-wrap\">\n<div class=\"wp-block-uagb-container uagb-block-e86b760c\">\n<div class=\"wp-block-uagb-info-box uagb-block-68c6e07c uagb-infobox__content-wrap  uagb-infobox-icon-above-title uagb-infobox-image-valign-top\"><div class=\"uagb-ifb-content\"><div class=\"uagb-ifb-title-wrap\"><h1 class=\"uagb-ifb-title\">Asociaci\u00f3n de familiares por la discapacidad y la ayuda social<\/h1><\/div><\/div><\/div>\n<\/div>\n\n\n\n<div class=\"wp-block-uagb-container uagb-block-b9ed9084\">\n<div class=\"wp-block-uagb-image alignright uagb-block-9eb58949 wp-block-uagb-image--layout-default wp-block-uagb-image--effect-static wp-block-uagb-image--align-right\"><figure class=\"wp-block-uagb-image__figure\"><img decoding=\"async\" srcset=\"https:\/\/afdas.es\/wp-content\/uploads\/2022\/04\/day-care-hero-girls-bg.png \" sizes=\"auto, (max-width: 480px) 150px\" src=\"https:\/\/afdas.es\/wp-content\/uploads\/2022\/04\/day-care-hero-girls-bg.png\" alt=\"\" class=\"uag-image-1520\" width=\"595\" height=\"588\" title=\"\" loading=\"lazy\"\/><\/figure><\/div>\n<\/div>\n<\/div><\/div>\n\n\n\n<div class=\"wp-block-uagb-container uagb-block-1900f246 alignfull uagb-is-root-container\"><div class=\"uagb-container-inner-blocks-wrap\">\n<div class=\"wp-block-uagb-container uagb-block-836936eb\">\n<div class=\"wp-block-uagb-image uagb-block-3668508b wp-block-uagb-image--layout-default wp-block-uagb-image--effect-static wp-block-uagb-image--align-none\"><figure class=\"wp-block-uagb-image__figure\"><img decoding=\"async\" srcset=\"https:\/\/afdas.es\/wp-content\/uploads\/2022\/04\/day-care-home-about-image.jpg \" sizes=\"auto, (max-width: 480px) 150px\" src=\"https:\/\/afdas.es\/wp-content\/uploads\/2022\/04\/day-care-home-about-image.jpg\" alt=\"\" class=\"uag-image-1518\" width=\"600\" height=\"600\" title=\"\" loading=\"lazy\"\/><\/figure><\/div>\n<\/div>\n\n\n\n<div class=\"wp-block-uagb-container uagb-block-a18d71e3\">\n<div class=\"wp-block-uagb-info-box uagb-block-25e98794 uagb-infobox__content-wrap  uagb-infobox-icon-above-title uagb-infobox-image-valign-top\"><div class=\"uagb-ifb-content\"><div class=\"uagb-ifb-title-wrap\"><h2 class=\"uagb-ifb-title\">Nuestros objetivos<\/h2><\/div><p class=\"uagb-ifb-desc\">El servicio de apoyo a familias se centra en:<br>Facilitar informaci\u00f3n.<br>Asesorar y responder dudas.<br>Dar formaci\u00f3n.<br>Conectar a unas familias con otras.<br>Ayudamos a conciliar.<br>Por ejemplo: acompa\u00f1amiento o respiro.<\/p><\/div><\/div>\n<\/div>\n<\/div><\/div>\n\n\n\n<div class=\"wp-block-uagb-container uagb-block-d55e5c21 alignfull uagb-is-root-container\"><div class=\"uagb-container-inner-blocks-wrap\">\n<div class=\"wp-block-uagb-container uagb-block-89fe9ab9\">\n<div class=\"wp-block-uagb-image alignleft uagb-block-05c5d1f4 wp-block-uagb-image--layout-default wp-block-uagb-image--effect-static wp-block-uagb-image--align-left\"><figure class=\"wp-block-uagb-image__figure\"><img decoding=\"async\" srcset=\"https:\/\/afdas.es\/wp-content\/uploads\/2022\/04\/day-care-head-of-school.jpg \" sizes=\"auto, (max-width: 480px) 150px\" src=\"https:\/\/afdas.es\/wp-content\/uploads\/2022\/04\/day-care-head-of-school.jpg\" alt=\"\" class=\"uag-image-1523\" width=\"320\" height=\"440\" title=\"\" loading=\"lazy\"\/><\/figure><\/div>\n<\/div>\n\n\n\n<div class=\"wp-block-uagb-container uagb-block-0002cd5e\">\n<div class=\"wp-block-uagb-info-box uagb-block-802a78d5 uagb-infobox__content-wrap  uagb-infobox-icon-above-title uagb-infobox-image-valign-top\"><div class=\"uagb-ifb-content\"><div class=\"uagb-ifb-icon-wrap\"><svg xmlns=\"https:\/\/www.w3.org\/2000\/svg\" viewBox=\"0 0 448 512\"><path d=\"M96 224C84.72 224 74.05 226.3 64 229.9V224c0-35.3 28.7-64 64-64c17.67 0 32-14.33 32-32S145.7 96 128 96C57.42 96 0 153.4 0 224v96c0 53.02 42.98 96 96 96s96-42.98 96-96S149 224 96 224zM352 224c-11.28 0-21.95 2.305-32 5.879V224c0-35.3 28.7-64 64-64c17.67 0 32-14.33 32-32s-14.33-32-32-32c-70.58 0-128 57.42-128 128v96c0 53.02 42.98 96 96 96s96-42.98 96-96S405 224 352 224z\"><\/path><\/svg><\/div><div class=\"uagb-ifb-title-wrap\"><p class=\"uagb-ifb-title\">La\u00a0<strong>discapacidad<\/strong>\u00a0no es una lucha valiente o coraje en frente de la adversidad. La\u00a0<strong>discapacidad<\/strong>\u00a0es un arte. Es una forma ingeniosa de vivir<\/p><\/div><\/div><\/div>\n<\/div>\n<\/div><\/div>\n\n\n\n<div class=\"wp-block-uagb-container uagb-block-5ce6dbfc alignwide uagb-is-root-container\">\n<div class=\"wp-block-uagb-container uagb-block-c6c575c8\">\n<div class=\"wp-block-uagb-container uagb-block-27b45e9f\">\n<div class=\"wp-block-uagb-image uagb-block-b9b16509 wp-block-uagb-image--layout-default wp-block-uagb-image--effect-static wp-block-uagb-image--align-none\"><figure class=\"wp-block-uagb-image__figure\"><img decoding=\"async\" srcset=\"https:\/\/afdas.es\/wp-content\/uploads\/2022\/04\/day-care-home-gallery-image-6.jpg \" sizes=\"auto, (max-width: 480px) 150px\" src=\"https:\/\/afdas.es\/wp-content\/uploads\/2022\/04\/day-care-home-gallery-image-6.jpg\" alt=\"\" class=\"uag-image-1583\" width=\"620\" height=\"400\" title=\"\" loading=\"lazy\"\/><\/figure><\/div>\n<\/div>\n\n\n\n<div class=\"wp-block-uagb-container uagb-block-dd7072ce\">\n<div class=\"wp-block-uagb-image uagb-block-c5803bd7 wp-block-uagb-image--layout-default wp-block-uagb-image--effect-static wp-block-uagb-image--align-none\"><figure class=\"wp-block-uagb-image__figure\"><img decoding=\"async\" srcset=\"https:\/\/afdas.es\/wp-content\/uploads\/2022\/04\/day-care-home-gallery-image-5.jpg \" sizes=\"auto, (max-width: 480px) 150px\" src=\"https:\/\/afdas.es\/wp-content\/uploads\/2022\/04\/day-care-home-gallery-image-5.jpg\" alt=\"\" class=\"uag-image-1582\" width=\"290\" height=\"400\" title=\"\" loading=\"lazy\"\/><\/figure><\/div>\n<\/div>\n\n\n\n<div class=\"wp-block-uagb-container uagb-block-acbc4ae4\">\n<div class=\"wp-block-uagb-image uagb-block-6f49575d wp-block-uagb-image--layout-default wp-block-uagb-image--effect-static wp-block-uagb-image--align-none\"><figure class=\"wp-block-uagb-image__figure\"><img decoding=\"async\" srcset=\"https:\/\/afdas.es\/wp-content\/uploads\/2022\/04\/day-care-home-gallery-image-4.jpg \" sizes=\"auto, (max-width: 480px) 150px\" src=\"https:\/\/afdas.es\/wp-content\/uploads\/2022\/04\/day-care-home-gallery-image-4.jpg\" alt=\"\" class=\"uag-image-1584\" width=\"290\" height=\"400\" title=\"\" loading=\"lazy\"\/><\/figure><\/div>\n<\/div>\n<\/div>\n\n\n\n<div class=\"wp-block-uagb-container uagb-block-8e763d94\">\n<div class=\"wp-block-uagb-container uagb-block-dc10d66b\">\n<div class=\"wp-block-uagb-image uagb-block-ed2cdc9e wp-block-uagb-image--layout-default wp-block-uagb-image--effect-static wp-block-uagb-image--align-none\"><figure class=\"wp-block-uagb-image__figure\"><img decoding=\"async\" srcset=\"https:\/\/afdas.es\/wp-content\/uploads\/2022\/04\/day-care-home-gallery-image-3.jpg \" sizes=\"auto, (max-width: 480px) 150px\" src=\"https:\/\/afdas.es\/wp-content\/uploads\/2022\/04\/day-care-home-gallery-image-3.jpg\" alt=\"\" class=\"uag-image-1602\" width=\"620\" height=\"400\" title=\"\" loading=\"lazy\"\/><\/figure><\/div>\n<\/div>\n\n\n\n<div class=\"wp-block-uagb-container uagb-block-94749f44\">\n<div class=\"wp-block-uagb-image uagb-block-7fe039a7 wp-block-uagb-image--layout-default wp-block-uagb-image--effect-static wp-block-uagb-image--align-none\"><figure class=\"wp-block-uagb-image__figure\"><img decoding=\"async\" srcset=\"https:\/\/afdas.es\/wp-content\/uploads\/2022\/04\/day-care-home-gallery-image-1.jpg \" sizes=\"auto, (max-width: 480px) 150px\" src=\"https:\/\/afdas.es\/wp-content\/uploads\/2022\/04\/day-care-home-gallery-image-1.jpg\" alt=\"\" class=\"uag-image-1600\" width=\"290\" height=\"400\" title=\"\" loading=\"lazy\"\/><\/figure><\/div>\n<\/div>\n\n\n\n<div class=\"wp-block-uagb-container uagb-block-bc9b4385\">\n<div class=\"wp-block-uagb-image uagb-block-84288edb wp-block-uagb-image--layout-default wp-block-uagb-image--effect-static wp-block-uagb-image--align-none\"><figure class=\"wp-block-uagb-image__figure\"><img decoding=\"async\" srcset=\"https:\/\/afdas.es\/wp-content\/uploads\/2022\/04\/day-care-home-gallery-image-2.jpg \" sizes=\"auto, (max-width: 480px) 150px\" src=\"https:\/\/afdas.es\/wp-content\/uploads\/2022\/04\/day-care-home-gallery-image-2.jpg\" alt=\"\" class=\"uag-image-1601\" width=\"290\" height=\"400\" title=\"\" loading=\"lazy\"\/><\/figure><\/div>\n<\/div>\n<\/div>\n<\/div>\n\n\n\n<div class=\"wp-block-uagb-container uagb-block-8adefc04 alignfull uagb-is-root-container\"><div class=\"uagb-container-inner-blocks-wrap\">\n<div class=\"wp-block-uagb-advanced-heading uagb-block-510d77f8\"><h2 class=\"uagb-heading-text\"><strong>Nuestra misi\u00f3n\u00a0<\/strong>es contribuir a que las personas con discapacidad intelectual y sus familias tengan mayor bienestar en sus vidas.<\/h2><\/div>\n<\/div><\/div>\n\n\n\n<div class=\"wp-block-uagb-container uagb-block-8b67b331 alignfull uagb-is-root-container\"><div class=\"uagb-container-inner-blocks-wrap\">\n<div class=\"wp-block-uagb-advanced-heading uagb-block-09f30c64\"><\/div>\n\n\n\n<div class=\"wp-block-uagb-container uagb-block-6ac1266d\">\n<div class=\"wp-block-uagb-container uagb-block-daa5cd85\">\n<div class=\"wp-block-uagb-image uagb-block-d3b6b66f wp-block-uagb-image--layout-default wp-block-uagb-image--effect-static wp-block-uagb-image--align-none\"><figure class=\"wp-block-uagb-image__figure\"><img decoding=\"async\" srcset=\"https:\/\/afdas.es\/wp-content\/uploads\/2022\/04\/day-care-home-testimonial-image.jpg \" sizes=\"auto, (max-width: 480px) 150px\" src=\"https:\/\/afdas.es\/wp-content\/uploads\/2022\/04\/day-care-home-testimonial-image.jpg\" alt=\"\" class=\"uag-image-1620\" width=\"396\" height=\"499\" title=\"\" loading=\"lazy\"\/><\/figure><\/div>\n<\/div>\n\n\n\n<div class=\"wp-block-uagb-container uagb-block-a2ab3f42\">\n<div class=\"wp-block-uagb-info-box uagb-block-b32e1aca uagb-infobox__content-wrap  uagb-infobox-icon-above-title uagb-infobox-image-valign-top\"><div class=\"uagb-ifb-content\"><div class=\"uagb-ifb-icon-wrap\"><svg xmlns=\"https:\/\/www.w3.org\/2000\/svg\" viewBox=\"0 0 448 512\"><path d=\"M96 224C84.72 224 74.05 226.3 64 229.9V224c0-35.3 28.7-64 64-64c17.67 0 32-14.33 32-32S145.7 96 128 96C57.42 96 0 153.4 0 224v96c0 53.02 42.98 96 96 96s96-42.98 96-96S149 224 96 224zM352 224c-11.28 0-21.95 2.305-32 5.879V224c0-35.3 28.7-64 64-64c17.67 0 32-14.33 32-32s-14.33-32-32-32c-70.58 0-128 57.42-128 128v96c0 53.02 42.98 96 96 96s96-42.98 96-96S405 224 352 224z\"><\/path><\/svg><\/div><div class=\"uagb-ifb-title-wrap\"><p class=\"uagb-ifb-title\">En nuestro\u00a0<strong>Plan Estrat\u00e9gico\u00a0<\/strong>nos planteamos como visi\u00f3n, cubrir todas las necesidades de la persona con discapacidad intelectual a lo largo de su vida, siendo un referente de calidad.<br>Los valores en los que nos basamos son:\u00a0<strong>compromiso, respeto y transparencia<\/strong>.<\/p><\/div><\/div><\/div>\n<\/div>\n<\/div>\n<\/div><\/div>\n","protected":false},"excerpt":{"rendered":"<p>Nuestra misi\u00f3n\u00a0es contribuir a que las personas con discapacidad intelectual y sus familias tengan mayor bienestar en sus vidas.<\/p>\n","protected":false},"author":1,"featured_media":0,"parent":0,"menu_order":0,"comment_status":"closed","ping_status":"closed","template":"","meta":{"_uag_custom_page_level_css":"","site-sidebar-layout":"no-sidebar","site-content-layout":"page-builder","ast-site-content-layout":"full-width-container","site-content-style":"unboxed","site-sidebar-style":"unboxed","ast-global-header-display":"","ast-banner-title-visibility":"","ast-main-header-display":"","ast-hfb-above-header-display":"","ast-hfb-below-header-display":"","ast-hfb-mobile-header-display":"","site-post-title":"disabled","ast-breadcrumbs-content":"","ast-featured-img":"disabled","footer-sml-layout":"","ast-disable-related-posts":"","theme-transparent-header-meta":"enabled","adv-header-id-meta":"","stick-header-meta":"","header-above-stick-meta":"","header-main-stick-meta":"","header-below-stick-meta":"","astra-migrate-meta-layouts":"set","ast-page-background-enabled":"default","ast-page-background-meta":{"desktop":{"background-color":"var(--ast-global-color-4)","background-image":"","background-repeat":"repeat","background-position":"center center","background-size":"auto","background-attachment":"scroll","background-type":"","background-media":"","overlay-type":"","overlay-color":"","overlay-opacity":"","overlay-gradient":""},"tablet":{"background-color":"","background-image":"","background-repeat":"repeat","background-position":"center center","background-size":"auto","background-attachment":"scroll","background-type":"","background-media":"","overlay-type":"","overlay-color":"","overlay-opacity":"","overlay-gradient":""},"mobile":{"background-color":"","background-image":"","background-repeat":"repeat","background-position":"center center","background-size":"auto","background-attachment":"scroll","background-type":"","background-media":"","overlay-type":"","overlay-color":"","overlay-opacity":"","overlay-gradient":""}},"ast-content-background-meta":{"desktop":{"background-color":"var(--ast-global-color-5)","background-image":"","background-repeat":"repeat","background-position":"center center","background-size":"auto","background-attachment":"scroll","background-type":"","background-media":"","overlay-type":"","overlay-color":"","overlay-opacity":"","overlay-gradient":""},"tablet":{"background-color":"var(--ast-global-color-5)","background-image":"","background-repeat":"repeat","background-position":"center center","background-size":"auto","background-attachment":"scroll","background-type":"","background-media":"","overlay-type":"","overlay-color":"","overlay-opacity":"","overlay-gradient":""},"mobile":{"background-color":"var(--ast-global-color-5)","background-image":"","background-repeat":"repeat","background-position":"center center","background-size":"auto","background-attachment":"scroll","background-type":"","background-media":"","overlay-type":"","overlay-color":"","overlay-opacity":"","overlay-gradient":""}},"footnotes":""},"class_list":["post-1390","page","type-page","status-publish","hentry"],"uagb_featured_image_src":{"full":false,"thumbnail":false,"medium":false,"medium_large":false,"large":false,"1536x1536":false,"2048x2048":false},"uagb_author_info":{"display_name":"admin","author_link":"https:\/\/afdas.es\/?author=1"},"uagb_comment_info":0,"uagb_excerpt":"Nuestra misi\u00f3n\u00a0es contribuir a que las personas con discapacidad intelectual y sus familias tengan mayor bienestar en sus vidas.","_links":{"self":[{"href":"https:\/\/afdas.es\/index.php?rest_route=\/wp\/v2\/pages\/1390","targetHints":{"allow":["GET"]}}],"collection":[{"href":"https:\/\/afdas.es\/index.php?rest_route=\/wp\/v2\/pages"}],"about":[{"href":"https:\/\/afdas.es\/index.php?rest_route=\/wp\/v2\/types\/page"}],"author":[{"embeddable":true,"href":"https:\/\/afdas.es\/index.php?rest_route=\/wp\/v2\/users\/1"}],"replies":[{"embeddable":true,"href":"https:\/\/afdas.es\/index.php?rest_route=%2Fwp%2Fv2%2Fcomments&post=1390"}],"version-history":[{"count":8,"href":"https:\/\/afdas.es\/index.php?rest_route=\/wp\/v2\/pages\/1390\/revisions"}],"predecessor-version":[{"id":2637,"href":"https:\/\/afdas.es\/index.php?rest_route=\/wp\/v2\/pages\/1390\/revisions\/2637"}],"wp:attachment":[{"href":"https:\/\/afdas.es\/index.php?rest_route=%2Fwp%2Fv2%2Fmedia&parent=1390"}],"curies":[{"name":"wp","href":"https:\/\/api.w.org\/{rel}","templated":true}]}}